{"id":3,"date":"2023-10-24T17:41:23","date_gmt":"2023-10-24T17:41:23","guid":{"rendered":"https:\/\/lika-relax.com.hr\/?page_id=3"},"modified":"2023-10-28T18:21:16","modified_gmt":"2023-10-28T18:21:16","slug":"polica-privatnosti","status":"publish","type":"page","link":"https:\/\/lika-relax.com.hr\/en\/polica-privatnosti\/","title":{"rendered":"Privacy Policy"},"content":{"rendered":"<div data-elementor-type=\"wp-page\" data-elementor-id=\"3\" class=\"elementor elementor-3\">\n\t\t\t\t<div class=\"elementor-element elementor-element-2a6347cd e-flex e-con-boxed e-con e-parent\" data-id=\"2a6347cd\" data-element_type=\"container\">\n\t\t\t\t\t<div class=\"e-con-inner\">\n\t\t\t\t<div class=\"elementor-element elementor-element-76e8b3dd elementor-widget elementor-widget-text-editor\" data-id=\"76e8b3dd\" data-element_type=\"widget\" data-widget_type=\"text-editor.default\">\n\t\t\t\t<div class=\"elementor-widget-container\">\n\t\t\t\t\t\t\t\t\t<p><\/p>\n<p><\/p>\n<p><span style=\"text-align: var(--text-align); background-color: var(--ast-global-color-5); font-weight: inherit; font-style: inherit; color: var(--ast-global-color-3);\">Hvala vam \u0161to posje\u0107ujete web stranicu &#8220;Lika Relax&#8221;. Ova Polica privatnosti ima za cilj informirati vas o tome kako se prikupljaju, koriste i \u010duvaju informacije korisnika na ovoj web stranici. Ova web stranica koristi samo osnovne &#8220;kola\u010di\u0107e&#8221; kako bi pobolj\u0161ala korisni\u010dko iskustvo.<\/span><\/p>\n<p><b>Prikupljanje i upotreba podataka<\/b><\/p>\n<p><b>Kola\u010di\u0107i:<\/b> Kola\u010di\u0107i su male datoteke privremeno pohranjene na va\u0161em ure\u0111aju kako bi se pobolj\u0161alo korisni\u010dko iskustvo tijekom pregledavanja ove web stranice. Kola\u010di\u0107i se koriste za pra\u0107enje anonimnih podataka o posjetiteljima, kao \u0161to su broj posjeta, omiljene stranice i druge statisti\u010dke informacije. Ovi kola\u010di\u0107i ne prikupljaju niti pohranjuju osobne podatke.<\/p>\n<p><b>Odbijanje ili brisanje kola\u010di\u0107a<br \/><\/b><span style=\"font-style: inherit; font-weight: inherit; text-align: var(--text-align); background-color: var(--ast-global-color-5); color: var(--ast-global-color-3);\">Mo\u017eete konfigurirati svoj web preglednik kako bi odbio kola\u010di\u0107e ili vas obavijestio kada kola\u010di\u0107i budu poslani na va\u0161 ure\u0111aj. Me\u0111utim, imajte na umu da to mo\u017ee utjecati na funkcionalnost i izgled ove web stranice<\/span><\/p>\n<p><b>Sigurnost podataka<br \/><\/b><span style=\"font-style: inherit; font-weight: inherit; text-align: var(--text-align); background-color: var(--ast-global-color-5); color: var(--ast-global-color-3);\">Va\u0161a sigurnost i povjerljivost su nam od iznimne va\u017enosti. Sve informacije prikupljene putem kola\u010di\u0107a sigurno se pohranjuju i ne dijele se s tre\u0107im stranama.<\/span><\/p>\n<p><b>Contact<br \/><\/b><span style=\"font-style: inherit; font-weight: inherit; text-align: var(--text-align); background-color: var(--ast-global-color-5); color: var(--ast-global-color-3);\">Ako imate bilo kakvih pitanja ili zabrinutosti o ovoj Politici privatnosti ili o na\u010dinu obrade podataka, slobodno nas kontaktirajte putem sljede\u0107ih kontaktnih informacija:<\/span><\/p>\n<p><b>Telefon:<\/b> +385 98 951 4453<br \/><span style=\"font-style: inherit; text-align: var(--text-align); background-color: var(--ast-global-color-5); color: var(--ast-global-color-3);\"><b>E-mail:<\/b><\/span><span style=\"font-style: inherit; text-align: var(--text-align); background-color: var(--ast-global-color-5); color: var(--ast-global-color-3);\"><span style=\"font-weight: inherit;\"> gk.profil.zg@gmail.com<\/span><br \/><b>Adresa:\u00a0<\/b><\/span><span style=\"text-align: var(--text-align); background-color: var(--ast-global-color-5);\">\u0160tikada, Centar 47, 53244 Lovinac<\/span><\/p>\n<p><span style=\"font-style: inherit; font-weight: inherit; text-align: var(--text-align); background-color: var(--ast-global-color-5); color: var(--ast-global-color-3);\">Va\u0161a privatnost nam je va\u017ena, i posve\u0107eni smo za\u0161titi va\u0161ih podataka i osiguranju da va\u0161e iskustvo na web stranici &#8220;GK Profil&#8221; bude sigurno i ugodno.<br \/><\/span><span style=\"font-style: inherit; font-weight: inherit; text-align: var(--text-align); background-color: var(--ast-global-color-5); color: var(--ast-global-color-3);\">Ova Polica privatnosti mo\u017ee se a\u017eurirati ili mijenjati s vremena na vrijeme. Molimo vas da povremeno provjeravate ovu stranicu kako biste bili informirani o bilo kakvim promjenama. Va\u0161a daljnja upotreba ove web stranice nakon takvih promjena smatrat \u0107e se prihva\u0107anjem tih promjena.&#8221;<\/span><\/p>\n<p><\/p>\n<p><\/p>\t\t\t\t\t\t\t\t<\/div>\n\t\t\t\t<\/div>\n\t\t\t\t\t<\/div>\n\t\t\t\t<\/div>\n\t\t\t\t<\/div>","protected":false},"excerpt":{"rendered":"<p>Hvala vam \u0161to posje\u0107ujete web stranicu &#8220;Lika Relax&#8221;. Ova Polica privatnosti ima za cilj informirati vas o tome kako se prikupljaju, koriste i \u010duvaju informacije korisnika na ovoj web stranici. Ova web stranica koristi samo osnovne &#8220;kola\u010di\u0107e&#8221; kako bi pobolj\u0161ala korisni\u010dko iskustvo. Prikupljanje i upotreba podataka Kola\u010di\u0107i: Kola\u010di\u0107i su male datoteke privremeno pohranjene na va\u0161em &hellip;<\/p>\n<p class=\"read-more\"> <a class=\"\" href=\"https:\/\/lika-relax.com.hr\/en\/polica-privatnosti\/\"> <span class=\"screen-reader-text\">Privacy Policy<\/span> Read More &raquo;<\/a><\/p>","protected":false},"author":1,"featured_media":0,"parent":0,"menu_order":0,"comment_status":"closed","ping_status":"closed","template":"","meta":{"site-sidebar-layout":"default","site-content-layout":"","ast-site-content-layout":"","site-content-style":"default","site-sidebar-style":"default","ast-global-header-display":"","ast-banner-title-visibility":"","ast-main-header-display":"","ast-hfb-above-header-display":"","ast-hfb-below-header-display":"","ast-hfb-mobile-header-display":"","site-post-title":"","ast-breadcrumbs-content":"","ast-featured-img":"","footer-sml-layout":"","theme-transparent-header-meta":"","adv-header-id-meta":"","stick-header-meta":"","header-above-stick-meta":"","header-main-stick-meta":"","header-below-stick-meta":"","astra-migrate-meta-layouts":"","ast-page-background-enabled":"default","ast-page-background-meta":{"desktop":{"background-color":"","background-image":"","background-repeat":"repeat","background-position":"center center","background-size":"auto","background-attachment":"scroll","background-type":"","background-media":"","overlay-type":"","overlay-color":"","overlay-gradient":""},"tablet":{"background-color":"","background-image":"","background-repeat":"repeat","background-position":"center center","background-size":"auto","background-attachment":"scroll","background-type":"","background-media":"","overlay-type":"","overlay-color":"","overlay-gradient":""},"mobile":{"background-color":"","background-image":"","background-repeat":"repeat","background-position":"center center","background-size":"auto","background-attachment":"scroll","background-type":"","background-media":"","overlay-type":"","overlay-color":"","overlay-gradient":""}},"ast-content-background-meta":{"desktop":{"background-color":"var(--ast-global-color-5)","background-image":"","background-repeat":"repeat","background-position":"center center","background-size":"auto","background-attachment":"scroll","background-type":"","background-media":"","overlay-type":"","overlay-color":"","overlay-gradient":""},"tablet":{"background-color":"var(--ast-global-color-5)","background-image":"","background-repeat":"repeat","background-position":"center center","background-size":"auto","background-attachment":"scroll","background-type":"","background-media":"","overlay-type":"","overlay-color":"","overlay-gradient":""},"mobile":{"background-color":"var(--ast-global-color-5)","background-image":"","background-repeat":"repeat","background-position":"center center","background-size":"auto","background-attachment":"scroll","background-type":"","background-media":"","overlay-type":"","overlay-color":"","overlay-gradient":""}},"footnotes":""},"class_list":["post-3","page","type-page","status-publish","hentry"],"yoast_head":"<!-- This site is optimized with the Yoast SEO plugin v27.4 - https:\/\/yoast.com\/product\/yoast-seo-wordpress\/ -->\n<title>Polica Privatnosti - Lika Relax and Party House<\/title>\n<meta name=\"robots\" content=\"index, follow, max-snippet:-1, max-image-preview:large, max-video-preview:-1\" \/>\n<link rel=\"canonical\" href=\"https:\/\/lika-relax.com.hr\/en\/polica-privatnosti\/\" \/>\n<meta property=\"og:locale\" content=\"en_US\" \/>\n<meta property=\"og:type\" content=\"article\" \/>\n<meta property=\"og:title\" content=\"Polica Privatnosti - Lika Relax and Party House\" \/>\n<meta property=\"og:description\" content=\"Hvala vam \u0161to posje\u0107ujete web stranicu &#8220;Lika Relax&#8221;. Ova Polica privatnosti ima za cilj informirati vas o tome kako se prikupljaju, koriste i \u010duvaju informacije korisnika na ovoj web stranici. Ova web stranica koristi samo osnovne &#8220;kola\u010di\u0107e&#8221; kako bi pobolj\u0161ala korisni\u010dko iskustvo. Prikupljanje i upotreba podataka Kola\u010di\u0107i: Kola\u010di\u0107i su male datoteke privremeno pohranjene na va\u0161em &hellip; Polica Privatnosti Read More &raquo;\" \/>\n<meta property=\"og:url\" content=\"https:\/\/lika-relax.com.hr\/en\/polica-privatnosti\/\" \/>\n<meta property=\"og:site_name\" content=\"Lika Relax and Party House\" \/>\n<meta property=\"article:modified_time\" content=\"2023-10-28T18:21:16+00:00\" \/>\n<meta name=\"twitter:card\" content=\"summary_large_image\" \/>\n<meta name=\"twitter:label1\" content=\"Est. reading time\" \/>\n\t<meta name=\"twitter:data1\" content=\"2 minutes\" \/>\n<script type=\"application\/ld+json\" class=\"yoast-schema-graph\">{\"@context\":\"https:\\\/\\\/schema.org\",\"@graph\":[{\"@type\":\"WebPage\",\"@id\":\"https:\\\/\\\/lika-relax.com.hr\\\/polica-privatnosti\\\/\",\"url\":\"https:\\\/\\\/lika-relax.com.hr\\\/polica-privatnosti\\\/\",\"name\":\"Polica Privatnosti - Lika Relax and Party House\",\"isPartOf\":{\"@id\":\"https:\\\/\\\/lika-relax.com.hr\\\/#website\"},\"datePublished\":\"2023-10-24T17:41:23+00:00\",\"dateModified\":\"2023-10-28T18:21:16+00:00\",\"breadcrumb\":{\"@id\":\"https:\\\/\\\/lika-relax.com.hr\\\/polica-privatnosti\\\/#breadcrumb\"},\"inLanguage\":\"en-US\",\"potentialAction\":[{\"@type\":\"ReadAction\",\"target\":[\"https:\\\/\\\/lika-relax.com.hr\\\/polica-privatnosti\\\/\"]}]},{\"@type\":\"BreadcrumbList\",\"@id\":\"https:\\\/\\\/lika-relax.com.hr\\\/polica-privatnosti\\\/#breadcrumb\",\"itemListElement\":[{\"@type\":\"ListItem\",\"position\":1,\"name\":\"Home\",\"item\":\"https:\\\/\\\/lika-relax.com.hr\\\/\"},{\"@type\":\"ListItem\",\"position\":2,\"name\":\"Polica Privatnosti\"}]},{\"@type\":\"WebSite\",\"@id\":\"https:\\\/\\\/lika-relax.com.hr\\\/#website\",\"url\":\"https:\\\/\\\/lika-relax.com.hr\\\/\",\"name\":\"Lika Relax and Party House\",\"description\":\"\",\"publisher\":{\"@id\":\"https:\\\/\\\/lika-relax.com.hr\\\/#organization\"},\"potentialAction\":[{\"@type\":\"SearchAction\",\"target\":{\"@type\":\"EntryPoint\",\"urlTemplate\":\"https:\\\/\\\/lika-relax.com.hr\\\/?s={search_term_string}\"},\"query-input\":{\"@type\":\"PropertyValueSpecification\",\"valueRequired\":true,\"valueName\":\"search_term_string\"}}],\"inLanguage\":\"en-US\"},{\"@type\":\"Organization\",\"@id\":\"https:\\\/\\\/lika-relax.com.hr\\\/#organization\",\"name\":\"Lika Relax and Party House\",\"url\":\"https:\\\/\\\/lika-relax.com.hr\\\/\",\"logo\":{\"@type\":\"ImageObject\",\"inLanguage\":\"en-US\",\"@id\":\"https:\\\/\\\/lika-relax.com.hr\\\/#\\\/schema\\\/logo\\\/image\\\/\",\"url\":\"https:\\\/\\\/lika-relax.com.hr\\\/wp-content\\\/uploads\\\/2023\\\/10\\\/cropped-house-2.png\",\"contentUrl\":\"https:\\\/\\\/lika-relax.com.hr\\\/wp-content\\\/uploads\\\/2023\\\/10\\\/cropped-house-2.png\",\"width\":512,\"height\":512,\"caption\":\"Lika Relax and Party House\"},\"image\":{\"@id\":\"https:\\\/\\\/lika-relax.com.hr\\\/#\\\/schema\\\/logo\\\/image\\\/\"}}]}<\/script>\n<!-- \/ Yoast SEO plugin. -->","yoast_head_json":{"title":"Polica Privatnosti - Lika Relax and Party House","robots":{"index":"index","follow":"follow","max-snippet":"max-snippet:-1","max-image-preview":"max-image-preview:large","max-video-preview":"max-video-preview:-1"},"canonical":"https:\/\/lika-relax.com.hr\/en\/polica-privatnosti\/","og_locale":"en_US","og_type":"article","og_title":"Polica Privatnosti - Lika Relax and Party House","og_description":"Hvala vam \u0161to posje\u0107ujete web stranicu &#8220;Lika Relax&#8221;. Ova Polica privatnosti ima za cilj informirati vas o tome kako se prikupljaju, koriste i \u010duvaju informacije korisnika na ovoj web stranici. Ova web stranica koristi samo osnovne &#8220;kola\u010di\u0107e&#8221; kako bi pobolj\u0161ala korisni\u010dko iskustvo. Prikupljanje i upotreba podataka Kola\u010di\u0107i: Kola\u010di\u0107i su male datoteke privremeno pohranjene na va\u0161em &hellip; Polica Privatnosti Read More &raquo;","og_url":"https:\/\/lika-relax.com.hr\/en\/polica-privatnosti\/","og_site_name":"Lika Relax and Party House","article_modified_time":"2023-10-28T18:21:16+00:00","twitter_card":"summary_large_image","twitter_misc":{"Est. reading time":"2 minutes"},"schema":{"@context":"https:\/\/schema.org","@graph":[{"@type":"WebPage","@id":"https:\/\/lika-relax.com.hr\/polica-privatnosti\/","url":"https:\/\/lika-relax.com.hr\/polica-privatnosti\/","name":"Polica Privatnosti - Lika Relax and Party House","isPartOf":{"@id":"https:\/\/lika-relax.com.hr\/#website"},"datePublished":"2023-10-24T17:41:23+00:00","dateModified":"2023-10-28T18:21:16+00:00","breadcrumb":{"@id":"https:\/\/lika-relax.com.hr\/polica-privatnosti\/#breadcrumb"},"inLanguage":"en-US","potentialAction":[{"@type":"ReadAction","target":["https:\/\/lika-relax.com.hr\/polica-privatnosti\/"]}]},{"@type":"BreadcrumbList","@id":"https:\/\/lika-relax.com.hr\/polica-privatnosti\/#breadcrumb","itemListElement":[{"@type":"ListItem","position":1,"name":"Home","item":"https:\/\/lika-relax.com.hr\/"},{"@type":"ListItem","position":2,"name":"Polica Privatnosti"}]},{"@type":"WebSite","@id":"https:\/\/lika-relax.com.hr\/#website","url":"https:\/\/lika-relax.com.hr\/","name":"Lika Relax and Party House","description":"","publisher":{"@id":"https:\/\/lika-relax.com.hr\/#organization"},"potentialAction":[{"@type":"SearchAction","target":{"@type":"EntryPoint","urlTemplate":"https:\/\/lika-relax.com.hr\/?s={search_term_string}"},"query-input":{"@type":"PropertyValueSpecification","valueRequired":true,"valueName":"search_term_string"}}],"inLanguage":"en-US"},{"@type":"Organization","@id":"https:\/\/lika-relax.com.hr\/#organization","name":"Lika Relax and Party House","url":"https:\/\/lika-relax.com.hr\/","logo":{"@type":"ImageObject","inLanguage":"en-US","@id":"https:\/\/lika-relax.com.hr\/#\/schema\/logo\/image\/","url":"https:\/\/lika-relax.com.hr\/wp-content\/uploads\/2023\/10\/cropped-house-2.png","contentUrl":"https:\/\/lika-relax.com.hr\/wp-content\/uploads\/2023\/10\/cropped-house-2.png","width":512,"height":512,"caption":"Lika Relax and Party House"},"image":{"@id":"https:\/\/lika-relax.com.hr\/#\/schema\/logo\/image\/"}}]}},"_links":{"self":[{"href":"https:\/\/lika-relax.com.hr\/en\/wp-json\/wp\/v2\/pages\/3","targetHints":{"allow":["GET"]}}],"collection":[{"href":"https:\/\/lika-relax.com.hr\/en\/wp-json\/wp\/v2\/pages"}],"about":[{"href":"https:\/\/lika-relax.com.hr\/en\/wp-json\/wp\/v2\/types\/page"}],"author":[{"embeddable":true,"href":"https:\/\/lika-relax.com.hr\/en\/wp-json\/wp\/v2\/users\/1"}],"replies":[{"embeddable":true,"href":"https:\/\/lika-relax.com.hr\/en\/wp-json\/wp\/v2\/comments?post=3"}],"version-history":[{"count":4,"href":"https:\/\/lika-relax.com.hr\/en\/wp-json\/wp\/v2\/pages\/3\/revisions"}],"predecessor-version":[{"id":608,"href":"https:\/\/lika-relax.com.hr\/en\/wp-json\/wp\/v2\/pages\/3\/revisions\/608"}],"wp:attachment":[{"href":"https:\/\/lika-relax.com.hr\/en\/wp-json\/wp\/v2\/media?parent=3"}],"curies":[{"name":"wp","href":"https:\/\/api.w.org\/{rel}","templated":true}]}}